{"id":12,"date":"2016-05-23T14:25:37","date_gmt":"2016-05-23T13:25:37","guid":{"rendered":"http:\/\/tassilo-strasser.de\/?page_id=12"},"modified":"2025-08-18T15:52:10","modified_gmt":"2025-08-18T13:52:10","slug":"sachkundige-person","status":"publish","type":"page","link":"https:\/\/tassilo-strasser.de\/?page_id=12","title":{"rendered":"Sachkundige Person"},"content":{"rendered":"<p>Eine Sachkundige Person \/ Qualified Person ist f\u00fcr die Einhaltung arzneimittelrechtlicher Vorschriften f\u00fcr Herstellung, Pr\u00fcfung und Freigabe sowie qm-gerechte Dokumentation von Arzneimitteln verantwortlich.<\/p>\n<h1>Spezifikation<\/h1>\n<ul>\n<li>Arzneimittelhersteller<\/li>\n<li>Medizinproduktehersteller<\/li>\n<li>Pharmazeutische Unternehmen<\/li>\n<\/ul>\n<h4>Arzneimittelrechtliche Funktionen<br \/>\nals freier Mitarbeiter<\/h4>\n<ul>\n<li>sachkundige Person<\/li>\n<li>Leiter der Herstellung<\/li>\n<li>Leiter der Qualit\u00e4tskontrolle<\/li>\n<li>Qualit\u00e4tsmanagementbeauftragter auf freiberuflicher Basis<\/li>\n<\/ul>\n<h1><\/h1>\n<p><a href=\"https:\/\/tassilo-strasser.de\/?page_id=20\"><img loading=\"lazy\" decoding=\"async\" class=\"alignnone size-medium wp-image-338 aligncenter\" src=\"https:\/\/tassilo-strasser.de\/wp-content\/uploads\/2025\/08\/CV-300x300.png\" alt=\"Vita - Tassilo Strasser Apotheker e. K. - Sachkundige Person AMG\" width=\"300\" height=\"300\" srcset=\"https:\/\/tassilo-strasser.de\/wp-content\/uploads\/2025\/08\/CV-300x300.png 300w, https:\/\/tassilo-strasser.de\/wp-content\/uploads\/2025\/08\/CV-1024x1024.png 1024w, https:\/\/tassilo-strasser.de\/wp-content\/uploads\/2025\/08\/CV-150x150.png 150w, https:\/\/tassilo-strasser.de\/wp-content\/uploads\/2025\/08\/CV-768x768.png 768w, https:\/\/tassilo-strasser.de\/wp-content\/uploads\/2025\/08\/CV.png 1080w\" sizes=\"auto, (max-width: 300px) 100vw, 300px\" \/><\/a><\/p>\n","protected":false},"excerpt":{"rendered":"<p>Eine Sachkundige Person \/ Qualified Person ist f\u00fcr die Einhaltung arzneimittelrechtlicher Vorschriften f\u00fcr Herstellung, Pr\u00fcfung und Freigabe sowie qm-gerechte Dokumentation von Arzneimitteln verantwortlich. Spezifikation Arzneimittelhersteller Medizinproduktehersteller Pharmazeutische Unternehmen Arzneimittelrechtliche Funktionen als freier Mitarbeiter sachkundige Person Leiter der Herstellung Leiter der Qualit\u00e4tskontrolle Qualit\u00e4tsmanagementbeauftragter auf freiberuflicher Basis<\/p>\n","protected":false},"author":1,"featured_media":336,"parent":10,"menu_order":0,"comment_status":"closed","ping_status":"closed","template":"","meta":{"footnotes":""},"class_list":["post-12","page","type-page","status-publish","has-post-thumbnail","hentry"],"_links":{"self":[{"href":"https:\/\/tassilo-strasser.de\/index.php?rest_route=\/wp\/v2\/pages\/12","targetHints":{"allow":["GET"]}}],"collection":[{"href":"https:\/\/tassilo-strasser.de\/index.php?rest_route=\/wp\/v2\/pages"}],"about":[{"href":"https:\/\/tassilo-strasser.de\/index.php?rest_route=\/wp\/v2\/types\/page"}],"author":[{"embeddable":true,"href":"https:\/\/tassilo-strasser.de\/index.php?rest_route=\/wp\/v2\/users\/1"}],"replies":[{"embeddable":true,"href":"https:\/\/tassilo-strasser.de\/index.php?rest_route=%2Fwp%2Fv2%2Fcomments&post=12"}],"version-history":[{"count":7,"href":"https:\/\/tassilo-strasser.de\/index.php?rest_route=\/wp\/v2\/pages\/12\/revisions"}],"predecessor-version":[{"id":413,"href":"https:\/\/tassilo-strasser.de\/index.php?rest_route=\/wp\/v2\/pages\/12\/revisions\/413"}],"up":[{"embeddable":true,"href":"https:\/\/tassilo-strasser.de\/index.php?rest_route=\/wp\/v2\/pages\/10"}],"wp:featuredmedia":[{"embeddable":true,"href":"https:\/\/tassilo-strasser.de\/index.php?rest_route=\/wp\/v2\/media\/336"}],"wp:attachment":[{"href":"https:\/\/tassilo-strasser.de\/index.php?rest_route=%2Fwp%2Fv2%2Fmedia&parent=12"}],"curies":[{"name":"wp","href":"https:\/\/api.w.org\/{rel}","templated":true}]}}