{"id":26,"date":"2016-05-23T14:32:28","date_gmt":"2016-05-23T13:32:28","guid":{"rendered":"http:\/\/tassilo-strasser.de\/?page_id=26"},"modified":"2025-08-13T15:54:41","modified_gmt":"2025-08-13T13:54:41","slug":"agb","status":"publish","type":"page","link":"https:\/\/tassilo-strasser.de\/?page_id=26","title":{"rendered":"AGB"},"content":{"rendered":"<h4>Allgemeine Gesch\u00e4ftsbedingungen<\/h4>\n<p><strong>\u00a7 1 Geltung der Bedingungen<\/strong><\/p>\n<p>Die Leistungen und Angebote des Betreibers dieser Webseite erfolgen, soweit nicht anderweitig schriftlich vereinbart, aufgrund dieser Gesch\u00e4ftsbedingungen. Diese gelten somit auch f\u00fcr alle k\u00fcnftigen Gesch\u00e4ftsbeziehungen, auch wenn sie nicht nochmals ausdr\u00fccklich vereinbart werden.<\/p>\n<p><strong>\u00a7 2 Vertragsabschluss, Kostenvoranschl\u00e4ge<\/strong><\/p>\n<p>(1) In Prospekten, Anzeigen usw. enthaltene Angebote sind \u0096auch bez\u00fcglich der Preisangaben freibleibend und unverbindlich. An speziell ausgearbeitete Kostenvoranschl\u00e4ge h\u00e4lt sich der Betreiber dieser Webseite 30 Kalendertage gebunden.<\/p>\n<p>(2) Erteilte Auftr\u00e4ge bed\u00fcrfen zur Rechtswirksamkeit der schriftlichen Best\u00e4tigung durch den Betreiber dieser Webseite.<\/p>\n<p>(3) M\u00fcndliche Nebenabreden, \u00c4nderungen und Erg\u00e4nzungen, die in Abweichung zum urspr\u00fcnglichen Angebot stehen, sind nur g\u00fcltig, wenn sie vom Betreiber dieser Webseite schriftlich best\u00e4tigt wurden.<\/p>\n<p>(4) Von dem Kostenvoranschlag nicht erfasst sind Arbeiten, die \u00fcber den urspr\u00fcnglichen Auftragsumfang hinausgehen; solche Arbeiten werden gesondert berechnet.<\/p>\n<p><strong>\u00a7 3 Preise<\/strong><\/p>\n<p>Die Kostenvoranschl\u00e4ge werden aufgrund der jeweiligen Vereinbarung mit dem Auftraggeber des Betreibers dieser Webseite erstellt. Der Betreiber dieser Webseite beh\u00e4lt sich vor, diese Vereinbarung bei nicht vorhersehbaren Entwicklungen oder \u00c4nderungen des Auftragsumfangs seitens des Auftraggebers jederzeit anzupassen oder zu \u00e4ndern. Dem Kunden wird die M\u00f6glichkeit einger\u00e4umt, die aktuellen Preise jederzeit zu erfragen und beim Betreiber dieser Webseite einzusehen. F\u00fcr den einzelnen Vertrag gelten im \u00fcbrigen die Vereinbarungen lt. Kostenvoranschlag. Je nach Auftragsart bzw. Auftragsvolumen ist der Betreiber dieser Webseite berechtigt, eine pauschale Abgeltung von Mehrarbeiten, welche nicht durch den Kostenvoranschlag erfasst sind, in H\u00f6he von 15% des Honorars zu veranschlagen.<\/p>\n<p><strong>\u00a7 4 Termine<\/strong><\/p>\n<p>(1) Terminsvereinbarungen jeglicher Art, insbesondere Fertigstellungstermine, bed\u00fcrfen zu ihrer Wirksamkeit der schriftlichen Best\u00e4tigung durch den Betreiber dieser Webseite.<\/p>\n<p>(2) Verz\u00f6gerungen, die darauf beruhen, dass z.B. zu bearbeitende Dokumente bzw. Materialien oder zu verwertende Informationen nicht den vereinbarten Anforderungen entsprechend beigebracht werden, gehen nicht zu Lasten des Betreibers dieser Webseite. Der Betreiber dieser Webseite wird in den vorgenannten F\u00e4llen dem Auftraggeber die behindernden M\u00e4ngel unverz\u00fcglich schriftlich anzeigen.<\/p>\n<p>(3) F\u00fcr nachweislich vom Betreiber dieser Webseite zu vertretende Verz\u00f6gerungen wird die Dauer der vom Auftraggeber zugunsten von ccc einzur\u00e4umenden Nachfrist auf 2 Wochen festgelegt. Sollte aufgrund des Umfangs der zu erstellenden Arbeiten die Einhaltung dieser Frist aus tats\u00e4chlichen Gr\u00fcnden unm\u00f6glich sein, so gilt eine angemessene Verl\u00e4ngerung als stillschweigend vereinbart.<\/p>\n<p><strong>\u00a7 5 Leistungsort<\/strong><\/p>\n<p>(1) Leistungs\u0096 und Erfolgsort ist der Ort, an dem der Betreiber dieser Webseite sein Gewerbe betreibt.<\/p>\n<p>(2) Soweit gesetzlich zul\u00e4ssig, ist Worms ausschlie\u00dflicher Gerichtsstand f\u00fcr alle sich aus dem Vertragsverh\u00e4ltnis unmittelbar oder mittelbar ergebenden Streitigkeiten.<\/p>\n<p>(3) Die Abgabe der Arbeiten an den Auftraggeber erfolgt seitens des Betreibers dieser Webseite in dessen Gesch\u00e4ftsr\u00e4umen oder in den Gesch\u00e4ftsr\u00e4umen des Auftraggebers. Sofern die Abgabe der Arbeiten aufgrund ausdr\u00fccklicher Weisung des Auftraggebers per Email oder per Post, Paketdienst oder sonstigem Zustelldienst erfolgt, \u00fcbernimmt der Betreiber dieser Webseite keine Gew\u00e4hr f\u00fcr die komplette und schadensfreie \u00dcbermittlung der Arbeiten, insbesondere auch keine Gew\u00e4hr f\u00fcr die Einhaltung der datenschutzrechtlichen Bestimmungen.<\/p>\n<p><strong>\u00a7 6 Gew\u00e4hrleistung<\/strong><\/p>\n<p>(1) Sind die Arbeiten mangelhaft ausgef\u00fchrt oder fehlen ihnen zugesicherte Eigenschaften, so ist der Betreiber dieser Webseite nach seiner Wahl unter Ausschluss sonstiger Gew\u00e4hrleistungsanspr\u00fcche des Auftraggebers zum Ersatz oder zur Nachbesserung berechtigt.<\/p>\n<p>(2) Schl\u00e4gt die Nachbesserung nach angemessener Frist fehl, kann der Auftraggeber nach seiner Wahl Herabsetzung der Verg\u00fctung oder R\u00fcckg\u00e4ngigmachung des Vertrages verlangen.<\/p>\n<p>(3) Offensichtliche M\u00e4ngel m\u00fcssen dem Betreiber dieser Webseite in jedem Fall unverz\u00fcglich, sp\u00e4testens jedoch innerhalb von 2 Wochen nach Erhalt der Arbeiten, schriftlich mitgeteilt werden. Die mangelhaften Arbeiten sind dem Betreiber dieser Webseite in dem Zustand, in dem sie sich im Zeitpunkt der Feststellung des Mangels befinden, zu \u00fcbergeben.<\/p>\n<p>(4) \u00dcberlassene Datentr\u00e4ger sind unverz\u00fcglich nach Erhalt auf deren technisch einwandfreien Zustand zu \u00fcberpr\u00fcfen; M\u00e4ngel sind unverz\u00fcglich anzuzeigen. Ein Versto\u00df gegen die vorstehenden Verpflichtungen schlie\u00dft jegliche Gew\u00e4hrleistungsanspr\u00fcche gegen\u00fcber dem Betreiber dieser Webseite aus.<\/p>\n<p><strong>\u00a7 7 Haftungsbegrenzung<\/strong><\/p>\n<p>Schadensersatzanspr\u00fcche aus positiver Forderungsverletzung, aus Verschulden bei Vertragsabschluss und aus unerlaubter Handlung sind sowohl gegen den Betreiber dieser Webseite als auch gegen dessen Erf\u00fcllungs- bzw. Verrichtungsgehilfen ausgeschlossen, soweit der Schaden nicht auf grober Fahrl\u00e4ssigkeit beruht. Im \u00fcbrigen gelten vorrangig die schriftlichen Vereinbarungen des Betreibers dieser Webseite bei \u00dcbergabe der Arbeiten. Bei der \u00dcbergabe sensibler Datens\u00e4tze, die dem Auftraggeber nur in einfacher Form vorliegen, setzt der Betreiber dieser Webseite voraus, dass der Auftraggeber hiervon entweder nur Kopien an den Betreiber dieser Webseite weiterleitet oder entsprechende Ablichtungen zur eigenen Sicherheit in seinen Unterlagen bereith\u00e4lt.<\/p>\n<p><strong>\u00a7 8 Eigentumsvorbehalt<\/strong><\/p>\n<p>Des Betreiber dieser Webseite beh\u00e4lt sich das Eigentum an dem Auftragsgegenstand bis zur Erf\u00fcllung aller Forderungen des Betreibers dieser Webseitegegen den Auftraggeber vor.<\/p>\n<p><strong>\u00a7 9 Zahlung<\/strong><\/p>\n<p>(1) Die Verg\u00fctung wird, unabh\u00e4ngig von einem vereinbarten Zahlungstermin oder von der Laufzeit hereingenommener und gutgeschriebener Wechsel, sofort f\u00e4llig, wenn die Zahlungsbedingungen nicht eingehalten oder Umst\u00e4nde bekannt werden, die nach pflichtgem\u00e4\u00dfem Ermessen des Betreibers dieser Webseite geeignet sind, die Kreditw\u00fcrdigkeit des Auftraggebers zu mindern. Alle Zahlungen haben direkt an den Betreiber dieser Webseite zu erfolgen, Vertreter sind ohne schriftliche Vollmacht des Betreibers dieser Webseite nicht zur Entgegennahme von Geld oder sonstigen Zahlungsmitteln berechtigt. Eine Zahlung gilt erst dann als erfolgt, wenn der Betreiber dieser Webseite \u00fcber den Betrag verf\u00fcgen kann.<\/p>\n<p>(2) Die Verg\u00fctung ist grunds\u00e4tzlich nach Abschluss der Arbeiten f\u00e4llig und \u0096falls nicht schriftlich anderweitig vereinbart sofort zu zahlen.<\/p>\n<p>(3) Der Betreiber dieser Webseite ist berechtigt, einen angemessenen Kostenvorschuss in H\u00f6he von bis zu 50% der zu erwartenden Auftragssumme bereits bei Erteilung des Auftrages einzufordern.<\/p>\n<p>(4) Der Betreiber dieser Webseite ist trotz anders lautender Bestimmungen des Auftraggebers berechtigt, Zahlungen zun\u00e4chst auf dessen \u00e4ltere Schulden anzurechnen und wird den Auftraggeber \u00fcber die Art der erfolgten Verrechnung informieren. Sind bereits Kosten und Zinsen entstanden, so ist der Betreiber dieser Webseite berechtigt, die Zahlung zun\u00e4chst auf die Kosten, dann auf die Zinsen und zuletzt auf die Hauptleistung anzurechnen.<\/p>\n<p>(5) Der Auftraggeber ist zur Aufrechnung, Zur\u00fcckhaltung oder Minderung, auch wenn M\u00e4ngelr\u00fcgen oder Gegenanspr\u00fcche geltend gemacht werden, nur berechtigt, wenn die Gegenanspr\u00fcche rechtskr\u00e4ftig festgestellt wurden oder unstreitig sind.<\/p>\n<p>(6) F\u00fcr den Fall der Nichterf\u00fcllung des Vertrages durch den Auftraggeber, insbesondere seines R\u00fccktritts vom Vertrag, ist der Betreiber dieser Webseite berechtigt, 50% der Angebotssumme zzgl. der g\u00fcltigen gesetzlichen Mehrwertsteuer sowie nachgewiesener verauslagter Abwicklungskosten, Materialkosten und sonstiger entstandener Auslagen als Schadensersatz zu fordern. Den Vertragsparteien bleibt es unbenommen, im Einzelfall einen geringeren oder h\u00f6heren Schaden nachzuweisen.<\/p>\n<p><strong>\u00a7 10 Vervielf\u00e4ltigung<\/strong><\/p>\n<p>Das Recht zur Vervielf\u00e4ltigung der vom Betreiber dieser Webseite ausgef\u00fchrten Arbeiten steht, soweit nicht anderweitig vereinbart, ausschlie\u00dflich dem Betreiber dieser Webseite zu.<\/p>\n<p><strong>\u00a7 11 Anwendbares Recht<\/strong><\/p>\n<p>F\u00fcr die Allgemeinen Gesch\u00e4ftsbedingungen sowie die gesamte Rechtsbeziehung zwischen dem Betreiber dieser Webseite und dem Auftraggeber gilt das Recht der Bundesrepublik Deutschland.<\/p>\n<p><strong>\u00a7 12 Salvatorische Klausel<\/strong><\/p>\n<p>Sollte eine Bestimmung dieser Allgemeinen Gesch\u00e4ftsbedingungen oder eine Bestimmung im Rahmen sonstiger Vereinbarungen unwirksam sein oder werden, so wird hiervon die Wirksamkeit aller sonstigen Bestimmungen oder Vereinbarungen nicht ber\u00fchrt.<\/p>\n","protected":false},"excerpt":{"rendered":"<p>Allgemeine Gesch\u00e4ftsbedingungen \u00a7 1 Geltung der Bedingungen Die Leistungen und Angebote des Betreibers dieser Webseite erfolgen, soweit nicht anderweitig schriftlich vereinbart, aufgrund dieser Gesch\u00e4ftsbedingungen. Diese gelten somit auch f\u00fcr alle k\u00fcnftigen Gesch\u00e4ftsbeziehungen, auch wenn sie nicht nochmals ausdr\u00fccklich vereinbart werden. \u00a7 2 Vertragsabschluss, Kostenvoranschl\u00e4ge (1) In Prospekten, Anzeigen usw. enthaltene Angebote sind \u0096auch bez\u00fcglich der &hellip; <a href=\"https:\/\/tassilo-strasser.de\/?page_id=26\" class=\"more-link\"><span class=\"screen-reader-text\">AGB<\/span> weiterlesen <span class=\"meta-nav\">&rarr;<\/span><\/a><\/p>\n","protected":false},"author":1,"featured_media":393,"parent":24,"menu_order":0,"comment_status":"closed","ping_status":"closed","template":"","meta":{"footnotes":""},"class_list":["post-26","page","type-page","status-publish","has-post-thumbnail","hentry"],"_links":{"self":[{"href":"https:\/\/tassilo-strasser.de\/index.php?rest_route=\/wp\/v2\/pages\/26","targetHints":{"allow":["GET"]}}],"collection":[{"href":"https:\/\/tassilo-strasser.de\/index.php?rest_route=\/wp\/v2\/pages"}],"about":[{"href":"https:\/\/tassilo-strasser.de\/index.php?rest_route=\/wp\/v2\/types\/page"}],"author":[{"embeddable":true,"href":"https:\/\/tassilo-strasser.de\/index.php?rest_route=\/wp\/v2\/users\/1"}],"replies":[{"embeddable":true,"href":"https:\/\/tassilo-strasser.de\/index.php?rest_route=%2Fwp%2Fv2%2Fcomments&post=26"}],"version-history":[{"count":4,"href":"https:\/\/tassilo-strasser.de\/index.php?rest_route=\/wp\/v2\/pages\/26\/revisions"}],"predecessor-version":[{"id":217,"href":"https:\/\/tassilo-strasser.de\/index.php?rest_route=\/wp\/v2\/pages\/26\/revisions\/217"}],"up":[{"embeddable":true,"href":"https:\/\/tassilo-strasser.de\/index.php?rest_route=\/wp\/v2\/pages\/24"}],"wp:featuredmedia":[{"embeddable":true,"href":"https:\/\/tassilo-strasser.de\/index.php?rest_route=\/wp\/v2\/media\/393"}],"wp:attachment":[{"href":"https:\/\/tassilo-strasser.de\/index.php?rest_route=%2Fwp%2Fv2%2Fmedia&parent=26"}],"curies":[{"name":"wp","href":"https:\/\/api.w.org\/{rel}","templated":true}]}}