{"id":291,"date":"2025-07-25T16:22:06","date_gmt":"2025-07-25T14:22:06","guid":{"rendered":"https:\/\/tassilo-strasser.de\/?page_id=291"},"modified":"2025-08-06T17:50:58","modified_gmt":"2025-08-06T15:50:58","slug":"barrierefreiheit","status":"publish","type":"page","link":"https:\/\/tassilo-strasser.de\/?page_id=291","title":{"rendered":"Barrierefreiheit"},"content":{"rendered":"\n<p>Das <strong>Barrierefreiheitsst\u00e4rkungsgesetz (BFSG<\/strong>) verpflichtet Unternehmen unter bestimmten Voraussetzungen, ab dem 28. Juni 2025, ihre Websites barrierefrei zu gestalten. Dies umfasst die Umsetzung von Barrierefreiheitsanforderungen, die sich an der Europ\u00e4ischen Norm EN 301 549 und den Web Content Accessibility Guidelines (WCAG) orientieren. Ziel ist es, digitale Inhalte f\u00fcr Menschen mit Behinderungen zug\u00e4nglicher zu machen.<\/p>\n\n\n\n<p><strong>Wahrnehmbarkeit:<\/strong> Inhalte m\u00fcssen f\u00fcr alle Sinne zug\u00e4nglich sein (z.B. Kontrastreiche Farben, Alternativtexte f\u00fcr Bilder, Untertitel f\u00fcr Videos).&nbsp;<\/p>\n\n\n\n<p><strong>Bedienbarkeit:<\/strong> Die Webseite muss mit verschiedenen Eingabeger\u00e4ten und assistiven Technologien nutzbar sein (z.B. Tastatur, Screenreader).<\/p>\n\n\n\n<p><strong>Verst\u00e4ndlichkeit:<\/strong> Inhalte m\u00fcssen klar und einfach formuliert sein und eine intuitive Navigation erm\u00f6glichen.<\/p>\n\n\n\n<p><strong>Robustheit:<\/strong> Die Webseite muss auch mit unterschiedlichen Browsern und Endger\u00e4ten funktionieren.<\/p>\n\n\n\n<p><strong>Allgemeine Anwenderinformation:<\/strong><\/p>\n\n\n\n<p>In der<strong> App \u201eEinstellungen\u201c <\/strong>im <strong>Men\u00fc \u201eBedienungshilfen\u201c <\/strong>kann mit Tippen auf OK die Verkn\u00fcpfung f\u00fcr das Men\u00fc \u201eBedienungshilfen\u201c aktiviert und die Berechtigungen auf dem Ger\u00e4t gew\u00e4hrt werden.<\/p>\n\n\n\n<p>Smartphones an sich k\u00f6nnen bereits diverse Hilfen erm\u00f6glichen:<\/p>\n\n\n\n<ul class=\"wp-block-list\">\n<li>auf den Bildschirm tippen<\/li>\n\n\n\n<li>Tasten des Smartphones verwenden<\/li>\n\n\n\n<li>Navigieren<\/li>\n\n\n\n<li>Screenshots erstellen<\/li>\n\n\n\n<li>Bildschirm sperren<\/li>\n\n\n\n<li>Google Assistant \u00f6ffnen<\/li>\n\n\n\n<li>Schnelleinstellungen und Benachrichtigungen \u00f6ffnen<\/li>\n\n\n\n<li>Lautst\u00e4rke erh\u00f6hen oder verringern<\/li>\n\n\n\n<li>Bildschirm heller oder dunkler machen<\/li>\n<\/ul>\n\n\n\n<p>Unabh\u00e4ngig davon sollten Webseiten Werkzeugleisten, sog. &#8222;Toolbars&#8220;, anbieten.<\/p>\n\n\n\n<p>Die <strong>Toolbar<\/strong> ist ein wichtiges Hilfsmittel, um eine barrierefreie WordPress-Website zu erstellen, die f\u00fcr alle Menschen zug\u00e4nglich ist. Sie erm\u00f6glicht es, die Inhalte der Website f\u00fcr ein breiteres Publikum nutzbar zu machen, unabh\u00e4ngig von deren individuellen Einschr\u00e4nkungen.<\/p>\n\n\n\n<p>Der Webseitenbetreiber hat sich f\u00fcr die <strong>AccessibleWP Accessibility Toolbar<\/strong> entschieden.<\/p>\n\n\n\n<p>Die AccessibleWP Accessibility Toolbar (&#8222;Barrierefreiheits-Symbolleiste von AccessibleWP&#8220; oder &#8222;AccessibleWP Barrierefreiheitsleiste&#8220;) stellt eine praktische L\u00f6sung zur Verbesserung der Zug\u00e4nglichkeit einer mit WordPress erstellten Webseite dar.<\/p>\n\n\n\n<p>Die Toolbar sollte verschiedene Funktionen, um die Benutzerfreundlichkeit f\u00fcr Menschen mit unterschiedlichen Behinderungen zu erh\u00f6hen. Dazu geh\u00f6ren:<\/p>\n\n\n\n<ul class=\"wp-block-list\">\n<li><strong>Anpassung der Schriftgr\u00f6\u00dfe und des Kontrasts:<\/strong><\/li>\n<\/ul>\n\n\n\n<p>Nutzer k\u00f6nnen die Schriftgr\u00f6\u00dfe und die Farbkombinationen an ihre individuellen Bed\u00fcrfnisse anpassen.<\/p>\n\n\n\n<ul class=\"wp-block-list\">\n<li><strong>Aktivierung eines Lesemodus:<\/strong><\/li>\n<\/ul>\n\n\n\n<p>Diese Funktion kann das Lesen von Texten erleichtern, indem sie beispielsweise den Text vergr\u00f6\u00dfert oder die Hintergrundfarbe \u00e4ndert.<\/p>\n\n\n\n<ul class=\"wp-block-list\">\n<li><strong>Steuerung der Navigation:<\/strong><\/li>\n<\/ul>\n\n\n\n<p>Einige Toolbar-Optionen erm\u00f6glichen es, die Navigation auf der Website zu vereinfachen, z.B. durch das Anzeigen von Tastaturk\u00fcrzeln oder das Hervorheben von Links.<\/p>\n\n\n\n<ul class=\"wp-block-list\">\n<li><strong>Integration eines Screenreaders:<\/strong><\/li>\n<\/ul>\n\n\n\n<p>Die Toolbar kann mit Screenreadern interagieren, um den Inhalt der Website f\u00fcr blinde oder sehbehinderte Nutzer zug\u00e4nglich zu machen.<\/p>\n\n\n\n<p><strong>Deutsche \u00dcbersetzung der Symbolleiste<\/strong><\/p>\n\n\n\n<ul class=\"wp-block-list\">\n<li>AccessibleWP Accessibility Toolbar<br>= Barrierefreiheits-Symbolleiste von AccessibleWP<\/li>\n<\/ul>\n\n\n\n<p><em>In der Toolbar von von AccessibleWP haben Sie folgende M\u00f6glichkeiten:<\/em><\/p>\n\n\n\n<ul class=\"wp-block-list\">\n<li>Keyboard Navigation<br>=<em> Navigation anzeigen \/ \u00e4ndern<\/em><\/li>\n\n\n\n<li>Disable Animations<br>= <em>Animationen deaktivieren<\/em><\/li>\n\n\n\n<li>Contrast<br>= <em>Kontrast<\/em><\/li>\n\n\n\n<li>Increase Text<br>= <em>Text vergr\u00f6\u00dfern<\/em><\/li>\n\n\n\n<li>Descreae Text<br>= <em>Text verkleinern<\/em><\/li>\n\n\n\n<li>Readable Font<br>= <em>Lesbare Schriftart<\/em><\/li>\n\n\n\n<li>Mark Titles<br>= <em>Titel markieren<\/em><\/li>\n\n\n\n<li>Highlight Links and Buttons<br>= <em>Links und Schaltfl\u00e4chen markieren<\/em><\/li>\n<\/ul>\n\n\n\n<p>Sollten weitere Hilfen gew\u00fcnscht sein, so w\u00e4re eine Mitteilung per <a href=\"https:\/\/tassilo-strasser.de\/?page_id=8\">Kontaktformular <\/a>w\u00fcnschenswert.<\/p>\n","protected":false},"excerpt":{"rendered":"<p>Das Barrierefreiheitsst\u00e4rkungsgesetz (BFSG) verpflichtet Unternehmen unter bestimmten Voraussetzungen, ab dem 28. Juni 2025, ihre Websites barrierefrei zu gestalten. Dies umfasst die Umsetzung von Barrierefreiheitsanforderungen, die sich an der Europ\u00e4ischen Norm EN 301 549 und den Web Content Accessibility Guidelines (WCAG) orientieren. Ziel ist es, digitale Inhalte f\u00fcr Menschen mit Behinderungen zug\u00e4nglicher zu machen. Wahrnehmbarkeit: Inhalte &hellip; <a href=\"https:\/\/tassilo-strasser.de\/?page_id=291\" class=\"more-link\"><span class=\"screen-reader-text\">Barrierefreiheit<\/span> weiterlesen <span class=\"meta-nav\">&rarr;<\/span><\/a><\/p>\n","protected":false},"author":1,"featured_media":304,"parent":0,"menu_order":0,"comment_status":"closed","ping_status":"closed","template":"","meta":{"footnotes":""},"class_list":["post-291","page","type-page","status-publish","has-post-thumbnail","hentry"],"_links":{"self":[{"href":"https:\/\/tassilo-strasser.de\/index.php?rest_route=\/wp\/v2\/pages\/291","targetHints":{"allow":["GET"]}}],"collection":[{"href":"https:\/\/tassilo-strasser.de\/index.php?rest_route=\/wp\/v2\/pages"}],"about":[{"href":"https:\/\/tassilo-strasser.de\/index.php?rest_route=\/wp\/v2\/types\/page"}],"author":[{"embeddable":true,"href":"https:\/\/tassilo-strasser.de\/index.php?rest_route=\/wp\/v2\/users\/1"}],"replies":[{"embeddable":true,"href":"https:\/\/tassilo-strasser.de\/index.php?rest_route=%2Fwp%2Fv2%2Fcomments&post=291"}],"version-history":[{"count":12,"href":"https:\/\/tassilo-strasser.de\/index.php?rest_route=\/wp\/v2\/pages\/291\/revisions"}],"predecessor-version":[{"id":319,"href":"https:\/\/tassilo-strasser.de\/index.php?rest_route=\/wp\/v2\/pages\/291\/revisions\/319"}],"wp:featuredmedia":[{"embeddable":true,"href":"https:\/\/tassilo-strasser.de\/index.php?rest_route=\/wp\/v2\/media\/304"}],"wp:attachment":[{"href":"https:\/\/tassilo-strasser.de\/index.php?rest_route=%2Fwp%2Fv2%2Fmedia&parent=291"}],"curies":[{"name":"wp","href":"https:\/\/api.w.org\/{rel}","templated":true}]}}