{"id":34,"date":"2016-05-23T14:35:39","date_gmt":"2016-05-23T13:35:39","guid":{"rendered":"http:\/\/tassilo-strasser.de\/?page_id=34"},"modified":"2025-08-22T15:59:20","modified_gmt":"2025-08-22T13:59:20","slug":"impressum","status":"publish","type":"page","link":"https:\/\/tassilo-strasser.de\/?page_id=34","title":{"rendered":"Impressum"},"content":{"rendered":"<p>Tassilo Strasser Apotheker e. K.<br \/>\nAuditor T\u00dcV Rheinland Group<br \/>\nSachkundige Person (AMG)<\/p>\n<p>Neumarkt 1<br \/>\nD \u2013 67547 Worms<\/p>\n<p>B\u00dcRO:<br \/>\nCornelia Rinne<br \/>\nMobiltelefon 0175-5641192<\/p>\n<h3>Rechtliche Kurzhinweise<\/h3>\n<p>Alles, was RECHT ist, ist detailliert im Dropdownmen\u00fc unter dem Men\u00fcpunkt Recht aufrufbar.<\/p>\n<p>\u00a7 1 Haftungsbeschr\u00e4nkung<\/p>\n<p>F\u00fcr die Inhalte dieser Website wird keine Gew\u00e4hr hinsichtlich Richtigkeit, Vollst\u00e4ndigkeit und Aktualit\u00e4t \u00fcbernommen. Die Nutzung der Website erfolgt auf eigene Gefahr. Namentlich gekennzeichnete Beitr\u00e4ge geben die Meinung des jeweiligen Autors, lassen aber keinerlei R\u00fcckschluss auf die Meinung der Verantwortlichen der Website zu. Mit der reinen Nutzung der Website des Anbieters kommt keinerlei Vertragsverh\u00e4ltnis zwischen dem Nutzer und dem Anbieter zustande.<\/p>\n<p>\u00a7 2 Externe Links<\/p>\n<p>Alle auf dieser Website angebotenen externen Links unterliegen der Haftung der jeweiligen Betreiber. Die Inhalte wurden Bei der erstmaligen Verkn\u00fcpfung auf etwaige Rechtsverst\u00f6\u00dfe gepr\u00fcft. Auf die aktuelle und zuk\u00fcnftige Gestaltung sowie auf die Inhalte der verkn\u00fcpften Seiten kann keine Haftung \u00fcbernommen werden, da eine st\u00e4ndige Kontrolle der externen Links ohne konkrete Hinweise auf Rechtsverst\u00f6\u00dfe nicht zumutbar ist. Bei Kenntnis von Rechtsverst\u00f6\u00dfen werden betroffene externe Links unverz\u00fcglich gel\u00f6scht.<\/p>\n<p>\u00a7 3 Urheber- und Leistungsschutzrechte<\/p>\n<p>Die auf dieser Website ver\u00f6ffentlichten Inhalte unterliegen dem deutschen Urheber- und Leistungsschutzrecht, wodurch jegliche Verwertung wie insbesondere Vervielf\u00e4ltigung, Bearbeitung, \u00dcbersetzung, Einspeicherung, Verarbeitung bzw. Wiedergabe von Inhalten in Datenbanken oder anderen elektronischen Medien und Systemen sowie auch die Darstellung dieser Website in fremden Frames der vorherigen schriftlichen Zustimmung des Urhebers bedarf. Inhalte und Rechte Dritter sind dabei als solche gekennzeichnet.<\/p>\n<p>\u00a7 4 Datenschutz &amp; Nutzungshinweise<\/p>\n<p>Der Schutz pers\u00f6nlicher Daten unterliegt den Regeln der Datenschutzgesetze. Personenbezogene Daten werden auf dieser Website nur im technisch notwendigen Umfang erhoben. In keinem Fall werden die erhobenen Daten verkauft oder aus anderen Gr\u00fcnden an Dritte weitergegeben. F\u00fcr detaillierte Informationen wird auf die Men\u00fcpunkte <a href=\"https:\/\/tassilo-strasser.de\/?page_id=30\">Datenschutz<\/a> und <a href=\"https:\/\/tassilo-strasser.de\/?page_id=28\">Nutzungshinweise<\/a> verwiesen, die im Dropdownmen\u00fc zu Recht liegen.<\/p>\n<p>\u00a7 5 Abmahnungen<\/p>\n<p>Der Webseitenbetreiber erhebt f\u00fcr jede eingehende Abmahnung eine individuelle Pr\u00fcfgeb\u00fchr in H\u00f6he von mindestens 1.500,00 Euro nebst Anwaltsgeb\u00fchren sowie der Abmahngeb\u00fchr. Der Abmahner erkl\u00e4rt sich bereit, diese Summe nach Eingang der Abmahnung an den Webseitenbetreiber zu zahlen. Ohne Zahlungseingang wird jede Abmahnung als gegenstandslos betrachtet. Au\u00dferdem weist der Webseitenbetreiber den Abmahner ausdr\u00fccklich darauf hin, dass seine Abmahnung ohne Schw\u00e4rzungen im Netz zur Verf\u00fcgung gestellt wird, womit sich der Abmahner durch die die \u00dcbermittlung der Abmahnung einverstanden erkl\u00e4rt. Der Email-Weg wird ausdr\u00fccklich ausgeschlossen.<\/p>\n<hr \/>\n<p>Die Webseite nutzt ein Thema von WordPress.<\/p>\n","protected":false},"excerpt":{"rendered":"<p>Tassilo Strasser Apotheker e. K. Auditor T\u00dcV Rheinland Group Sachkundige Person (AMG) Neumarkt 1 D \u2013 67547 Worms B\u00dcRO: Cornelia Rinne Mobiltelefon 0175-5641192 Rechtliche Kurzhinweise Alles, was RECHT ist, ist detailliert im Dropdownmen\u00fc unter dem Men\u00fcpunkt Recht aufrufbar. \u00a7 1 Haftungsbeschr\u00e4nkung F\u00fcr die Inhalte dieser Website wird keine Gew\u00e4hr hinsichtlich Richtigkeit, Vollst\u00e4ndigkeit und Aktualit\u00e4t \u00fcbernommen. &hellip; <a href=\"https:\/\/tassilo-strasser.de\/?page_id=34\" class=\"more-link\"><span class=\"screen-reader-text\">Impressum<\/span> weiterlesen <span class=\"meta-nav\">&rarr;<\/span><\/a><\/p>\n","protected":false},"author":1,"featured_media":391,"parent":0,"menu_order":0,"comment_status":"closed","ping_status":"closed","template":"","meta":{"footnotes":""},"class_list":["post-34","page","type-page","status-publish","has-post-thumbnail","hentry"],"_links":{"self":[{"href":"https:\/\/tassilo-strasser.de\/index.php?rest_route=\/wp\/v2\/pages\/34","targetHints":{"allow":["GET"]}}],"collection":[{"href":"https:\/\/tassilo-strasser.de\/index.php?rest_route=\/wp\/v2\/pages"}],"about":[{"href":"https:\/\/tassilo-strasser.de\/index.php?rest_route=\/wp\/v2\/types\/page"}],"author":[{"embeddable":true,"href":"https:\/\/tassilo-strasser.de\/index.php?rest_route=\/wp\/v2\/users\/1"}],"replies":[{"embeddable":true,"href":"https:\/\/tassilo-strasser.de\/index.php?rest_route=%2Fwp%2Fv2%2Fcomments&post=34"}],"version-history":[{"count":15,"href":"https:\/\/tassilo-strasser.de\/index.php?rest_route=\/wp\/v2\/pages\/34\/revisions"}],"predecessor-version":[{"id":460,"href":"https:\/\/tassilo-strasser.de\/index.php?rest_route=\/wp\/v2\/pages\/34\/revisions\/460"}],"wp:featuredmedia":[{"embeddable":true,"href":"https:\/\/tassilo-strasser.de\/index.php?rest_route=\/wp\/v2\/media\/391"}],"wp:attachment":[{"href":"https:\/\/tassilo-strasser.de\/index.php?rest_route=%2Fwp%2Fv2%2Fmedia&parent=34"}],"curies":[{"name":"wp","href":"https:\/\/api.w.org\/{rel}","templated":true}]}}