{"id":6,"date":"2016-05-23T14:14:08","date_gmt":"2016-05-23T13:14:08","guid":{"rendered":"http:\/\/tassilo-strasser.de\/?page_id=6"},"modified":"2025-08-24T17:25:39","modified_gmt":"2025-08-24T15:25:39","slug":"startseite","status":"publish","type":"page","link":"https:\/\/tassilo-strasser.de\/","title":{"rendered":"Startseite"},"content":{"rendered":"<p><span data-huuid=\"9525304952462305852\">Unternehmen brauchen ein QMS! Warum?<\/span><\/p>\n<ul>\n<li><span data-huuid=\"9525304952462305852\">Steigerung der Kundenzufriedenheit<\/span><\/li>\n<li><span data-huuid=\"9525304952462305852\">Erh\u00f6hung der Effizienz<\/span><\/li>\n<li><span data-huuid=\"9525304952462305852\">Senkung der Kosten<\/span><\/li>\n<li><span data-huuid=\"9525304952462305852\">Sicherung der Wettbewerbsf\u00e4higkeit<\/span><\/li>\n<li><span data-huuid=\"9525304952462305852\">St\u00e4rkung des Unternehmensimages<\/span><\/li>\n<li><span data-huuid=\"9525304952462305852\">Erhaltung der Mitarbeiterzufriedenheit<\/span><\/li>\n<li><span data-huuid=\"9525304952462305852\">Einhaltung gesetzlicher Vorgaben<\/span><\/li>\n<li>Qualit\u00e4tsverbesserung f\u00fcr Produkte und Dienstleistung<\/li>\n<\/ul>\n<p>Die Managementberatung hilft bei der Implementierung und Durchf\u00fchrung des QMS. Der Auditor \u00fcberpr\u00fcft die Einhaltung von Richtlinien, Standards und Normen, bewertet Unternehmenspotenziale und k\u00fcmmert sich um\u00a0 <span data-huuid=\"15838646012729634328\">Planung, Durchf\u00fchrung und Dokumentation von Audits.<\/span><\/p>\n<p>Der zertifizierte Auditor \/ Lead Auditor wird durch eine anerkannte Zertifizierungsstelle wie z. B. T\u00dcV Rheinland Group\u00a0 eingesetzt, um <span data-huuid=\"8927240047184740239\">die Konformit\u00e4t der QM-Systeme von Unternehmen zu bewerten und zu zertifizieren<\/span>.<\/p>\n<p>Tassilo Strasser ist nicht nur zertifizierter Auditor, sondern auch Apotheker e. K. und Sachkundige Person nach AMG.<\/p>\n<p>Gute und verl\u00e4ssliche Patientenversorgung und Behandlung nach Kausalit\u00e4tsstandards sind genau der richtige Weg zum Ziel:<\/p>\n<p>Konstruktive Zusammenarbeit mit dem Patienten!<\/p>\n<p>Als niedergelassener Apotheker mit eigener Apotheke in Worms und als Sachkundige Person f\u00fcr eine pharmazeutische Produktionsfirma mit Zulassung nach \u00a7 13 Arzneimittelgesetz bin ich an einer Zusammenarbeit mit Partnern im Gesundheitswesen und einer Teilnahme in Netzwerken sehr interessiert.<\/p>\n<p><img loading=\"lazy\" decoding=\"async\" class=\"alignnone size-medium wp-image-356 aligncenter\" src=\"https:\/\/tassilo-strasser.de\/wp-content\/uploads\/2025\/08\/fotolia_56859953_03032015_165317h_amg-300x200.jpg\" alt=\"AMG\" width=\"300\" height=\"200\" srcset=\"https:\/\/tassilo-strasser.de\/wp-content\/uploads\/2025\/08\/fotolia_56859953_03032015_165317h_amg-300x200.jpg 300w, https:\/\/tassilo-strasser.de\/wp-content\/uploads\/2025\/08\/fotolia_56859953_03032015_165317h_amg.jpg 424w\" sizes=\"auto, (max-width: 300px) 100vw, 300px\" \/><\/p>\n<p>Mein Leistungsspektrum basiert auf der Freien Mitarbeit f\u00fcr pharmazeutische Hersteller oder Apotheken.<\/p>\n<p><img loading=\"lazy\" decoding=\"async\" class=\"wp-image-364 aligncenter\" src=\"https:\/\/tassilo-strasser.de\/wp-content\/uploads\/2025\/08\/ABDA_Logo_Neu_HKS13-288x300.jpg\" alt=\"Apotheke\" width=\"109\" height=\"114\" srcset=\"https:\/\/tassilo-strasser.de\/wp-content\/uploads\/2025\/08\/ABDA_Logo_Neu_HKS13-288x300.jpg 288w, https:\/\/tassilo-strasser.de\/wp-content\/uploads\/2025\/08\/ABDA_Logo_Neu_HKS13-982x1024.jpg 982w, https:\/\/tassilo-strasser.de\/wp-content\/uploads\/2025\/08\/ABDA_Logo_Neu_HKS13-768x801.jpg 768w, https:\/\/tassilo-strasser.de\/wp-content\/uploads\/2025\/08\/ABDA_Logo_Neu_HKS13.jpg 1181w\" sizes=\"auto, (max-width: 109px) 100vw, 109px\" \/><\/p>\n<p>Neben der Betreuung von Arztpraxen und der Belieferung von Pflegeeinrichtungen incl. Verblisterung bietet mein Apothekenteam auch die Belieferung mit Sprechstundenbedarf an.<\/p>\n<p style=\"text-align: center;\">Tassilo Strasser Apotheker e. K.<br \/>\nSachkundige Person (AMG)<\/p>\n<p><img loading=\"lazy\" decoding=\"async\" class=\"aligncenter\" src=\"https:\/\/www.tassilo-strasser.de\/i\/foto_ts.jpg\" width=\"161\" height=\"223\" border=\"0\" \/><\/p>\n","protected":false},"excerpt":{"rendered":"<p>Unternehmen brauchen ein QMS! Warum? Steigerung der Kundenzufriedenheit Erh\u00f6hung der Effizienz Senkung der Kosten Sicherung der Wettbewerbsf\u00e4higkeit St\u00e4rkung des Unternehmensimages Erhaltung der Mitarbeiterzufriedenheit Einhaltung gesetzlicher Vorgaben Qualit\u00e4tsverbesserung f\u00fcr Produkte und Dienstleistung Die Managementberatung hilft bei der Implementierung und Durchf\u00fchrung des QMS. Der Auditor \u00fcberpr\u00fcft die Einhaltung von Richtlinien, Standards und Normen, bewertet Unternehmenspotenziale und k\u00fcmmert &hellip; <a href=\"https:\/\/tassilo-strasser.de\/\" class=\"more-link\"><span class=\"screen-reader-text\">Startseite<\/span> weiterlesen <span class=\"meta-nav\">&rarr;<\/span><\/a><\/p>\n","protected":false},"author":1,"featured_media":361,"parent":0,"menu_order":0,"comment_status":"closed","ping_status":"closed","template":"","meta":{"footnotes":""},"class_list":["post-6","page","type-page","status-publish","has-post-thumbnail","hentry"],"_links":{"self":[{"href":"https:\/\/tassilo-strasser.de\/index.php?rest_route=\/wp\/v2\/pages\/6","targetHints":{"allow":["GET"]}}],"collection":[{"href":"https:\/\/tassilo-strasser.de\/index.php?rest_route=\/wp\/v2\/pages"}],"about":[{"href":"https:\/\/tassilo-strasser.de\/index.php?rest_route=\/wp\/v2\/types\/page"}],"author":[{"embeddable":true,"href":"https:\/\/tassilo-strasser.de\/index.php?rest_route=\/wp\/v2\/users\/1"}],"replies":[{"embeddable":true,"href":"https:\/\/tassilo-strasser.de\/index.php?rest_route=%2Fwp%2Fv2%2Fcomments&post=6"}],"version-history":[{"count":10,"href":"https:\/\/tassilo-strasser.de\/index.php?rest_route=\/wp\/v2\/pages\/6\/revisions"}],"predecessor-version":[{"id":486,"href":"https:\/\/tassilo-strasser.de\/index.php?rest_route=\/wp\/v2\/pages\/6\/revisions\/486"}],"wp:featuredmedia":[{"embeddable":true,"href":"https:\/\/tassilo-strasser.de\/index.php?rest_route=\/wp\/v2\/media\/361"}],"wp:attachment":[{"href":"https:\/\/tassilo-strasser.de\/index.php?rest_route=%2Fwp%2Fv2%2Fmedia&parent=6"}],"curies":[{"name":"wp","href":"https:\/\/api.w.org\/{rel}","templated":true}]}}