{"id":8,"date":"2016-05-23T14:20:12","date_gmt":"2016-05-23T13:20:12","guid":{"rendered":"http:\/\/tassilo-strasser.de\/?page_id=8"},"modified":"2025-08-11T17:23:16","modified_gmt":"2025-08-11T15:23:16","slug":"kontakt","status":"publish","type":"page","link":"https:\/\/tassilo-strasser.de\/?page_id=8","title":{"rendered":"Kontakt"},"content":{"rendered":"<h6>Tassilo Strasser Apotheker e. K.<br \/>\nSachkundige Person (AMG)<\/h6>\n\n<div class=\"wpcf7 no-js\" id=\"wpcf7-f283-o1\" lang=\"de-DE\" dir=\"ltr\" data-wpcf7-id=\"283\">\n<div class=\"screen-reader-response\"><p role=\"status\" aria-live=\"polite\" aria-atomic=\"true\"><\/p> <ul><\/ul><\/div>\n<form action=\"\/index.php?rest_route=%2Fwp%2Fv2%2Fpages%2F8#wpcf7-f283-o1\" method=\"post\" class=\"wpcf7-form init\" aria-label=\"Kontaktformular\" novalidate=\"novalidate\" data-status=\"init\">\n<fieldset class=\"hidden-fields-container\"><input type=\"hidden\" name=\"_wpcf7\" value=\"283\" \/><input type=\"hidden\" name=\"_wpcf7_version\" value=\"6.1.5\" \/><input type=\"hidden\" name=\"_wpcf7_locale\" value=\"de_DE\" \/><input type=\"hidden\" name=\"_wpcf7_unit_tag\" value=\"wpcf7-f283-o1\" \/><input type=\"hidden\" name=\"_wpcf7_container_post\" value=\"0\" \/><input type=\"hidden\" name=\"_wpcf7_posted_data_hash\" value=\"\" \/>\n<\/fieldset>\n<p>Der Schutz von personenbezogenen Daten ist dem Webseitenbetreiber sehr wichtig. Generell gilt, dass hier eingegebene Daten vom Webseitenbetreiber nur zur Bearbeitung der Anfrage genutzt werden. Eine andere Nutzung oder Weitergabe der Daten au\u00dfer zum Zweck der Beantwortung der Anfrage erfolgt nicht. Aus steuerrechtlichen Gr\u00fcnden kann beispielsweise eine Speicherung der Anfrage f\u00fcr die gesetzliche Aufbewahrungsfrist erforderlich sein, in diesem Fall wird die Anfrage \u00fcber die f\u00fcr die unmittelbar n\u00f6tige Bearbeitungszeit hinaus elektronisch gespeichert. Vor Nutzung dieses Kontaktformulars bitte <a href=\"https:\/\/tassilo-strasser.de\/?page_id=30\">Datenschutz<\/a> und <a href=\"https:\/\/tassilo-strasser.de\/?page_id=28\">Nutzungshinweise<\/a> auf dieser Webseite lesen.\n<\/p>\n<p>*) kennzeichnet ein Pflichtfeld\n<\/p>\n<p><label> Name*<br \/>\n<span class=\"wpcf7-form-control-wrap\" data-name=\"your-name\"><input size=\"40\" maxlength=\"400\" class=\"wpcf7-form-control wpcf7-text wpcf7-validates-as-required\" autocomplete=\"name\" aria-required=\"true\" aria-invalid=\"false\" value=\"\" type=\"text\" name=\"your-name\" \/><\/span> <\/label>\n<\/p>\n<p><label> Email*<br \/>\n<span class=\"wpcf7-form-control-wrap\" data-name=\"your-email\"><input size=\"40\" maxlength=\"400\" class=\"wpcf7-form-control wpcf7-email wpcf7-validates-as-required wpcf7-text wpcf7-validates-as-email\" autocomplete=\"email\" aria-required=\"true\" aria-invalid=\"false\" value=\"\" type=\"email\" name=\"your-email\" \/><\/span> <\/label>\n<\/p>\n<p><label> Email wiederholen*<br \/>\n<span class=\"wpcf7-form-control-wrap\" data-name=\"your-email\"><input size=\"40\" maxlength=\"400\" class=\"wpcf7-form-control wpcf7-email wpcf7-validates-as-required wpcf7-text wpcf7-validates-as-email\" autocomplete=\"email\" aria-required=\"true\" aria-invalid=\"false\" value=\"\" type=\"email\" name=\"your-email\" \/><\/span> <\/label>\n<\/p>\n<p><label> Sicherheitsabfrage*<br \/>\n<span class=\"wpcf7-form-control-wrap\" data-name=\"quiz-299\"><label><span class=\"wpcf7-quiz-label\">199-50<\/span> <input size=\"40\" class=\"wpcf7-form-control wpcf7-quiz\" autocomplete=\"off\" aria-required=\"true\" aria-invalid=\"false\" type=\"text\" name=\"quiz-299\" \/><\/label><input type=\"hidden\" name=\"_wpcf7_quiz_answer_quiz-299\" value=\"12cd0cd3006d8487f68e54ea40233d9f\" \/><\/span> <\/label>\n<\/p>\n<p><label> Betreff*<br \/>\n<span class=\"wpcf7-form-control-wrap\" data-name=\"your-subject\"><input size=\"40\" maxlength=\"400\" class=\"wpcf7-form-control wpcf7-text wpcf7-validates-as-required\" aria-required=\"true\" aria-invalid=\"false\" value=\"\" type=\"text\" name=\"your-subject\" \/><\/span> <\/label>\n<\/p>\n<p><label> Nachricht*<br \/>\n<span class=\"wpcf7-form-control-wrap\" data-name=\"your-message\"><textarea cols=\"40\" rows=\"10\" maxlength=\"2000\" class=\"wpcf7-form-control wpcf7-textarea\" aria-invalid=\"false\" name=\"your-message\"><\/textarea><\/span> <\/label>\n<\/p>\n<p><label> Einverst\u00e4ndniserkl\u00e4runng*<br \/>\n<span class=\"wpcf7-form-control-wrap\" data-name=\"acceptance-713\"><span class=\"wpcf7-form-control wpcf7-acceptance\"><span class=\"wpcf7-list-item\"><label><input type=\"checkbox\" name=\"acceptance-713\" value=\"1\" aria-invalid=\"false\" \/><span class=\"wpcf7-list-item-label\">ich habe die <a href=\"https:\/\/tassilo-strasser.de\/?page_id=30\">Datenschutzbestimmungen<\/a> sowie die <a href=\"https:\/\/tassilo-strasser.de\/?page_id=28\">Nutzungshinweise<\/a> gelesen und bin mit der Erhebung und Verarbeitung der eingegebenen personenbezogenen Daten einverstanden.<\/span><\/label><\/span><\/span><\/span> <\/label>\n<\/p>\n<p><input class=\"wpcf7-form-control wpcf7-submit has-spinner\" type=\"submit\" value=\"Senden\" \/>\n<\/p><input type=\"hidden\" id=\"ct_checkjs_cf7_0cb929eae7a499e50248a3a78f7acfc7\" name=\"ct_checkjs_cf7\" value=\"0\" \/><script >setTimeout(function(){var ct_input_name = \"ct_checkjs_cf7_0cb929eae7a499e50248a3a78f7acfc7\";if (document.getElementById(ct_input_name) !== null) {var ct_input_value = document.getElementById(ct_input_name).value;document.getElementById(ct_input_name).value = document.getElementById(ct_input_name).value.replace(ct_input_value, '210274007');}}, 1000);<\/script><input\n                    class=\"apbct_special_field apbct_email_id__wp_contact_form_7\"\n                    name=\"apbct__email_id__wp_contact_form_7\"\n                    aria-label=\"apbct__label_id__wp_contact_form_7\"\n                    type=\"text\" size=\"30\" maxlength=\"200\" autocomplete=\"off\"\n                    value=\"\"\n                \/><div class=\"wpcf7-response-output\" aria-hidden=\"true\"><\/div>\n<\/form>\n<\/div>\n\n","protected":false},"excerpt":{"rendered":"<p>Tassilo Strasser Apotheker e. K. Sachkundige Person (AMG)<\/p>\n","protected":false},"author":1,"featured_media":346,"parent":0,"menu_order":6,"comment_status":"closed","ping_status":"closed","template":"","meta":{"footnotes":""},"class_list":["post-8","page","type-page","status-publish","has-post-thumbnail","hentry"],"_links":{"self":[{"href":"https:\/\/tassilo-strasser.de\/index.php?rest_route=\/wp\/v2\/pages\/8","targetHints":{"allow":["GET"]}}],"collection":[{"href":"https:\/\/tassilo-strasser.de\/index.php?rest_route=\/wp\/v2\/pages"}],"about":[{"href":"https:\/\/tassilo-strasser.de\/index.php?rest_route=\/wp\/v2\/types\/page"}],"author":[{"embeddable":true,"href":"https:\/\/tassilo-strasser.de\/index.php?rest_route=\/wp\/v2\/users\/1"}],"replies":[{"embeddable":true,"href":"https:\/\/tassilo-strasser.de\/index.php?rest_route=%2Fwp%2Fv2%2Fcomments&post=8"}],"version-history":[{"count":17,"href":"https:\/\/tassilo-strasser.de\/index.php?rest_route=\/wp\/v2\/pages\/8\/revisions"}],"predecessor-version":[{"id":316,"href":"https:\/\/tassilo-strasser.de\/index.php?rest_route=\/wp\/v2\/pages\/8\/revisions\/316"}],"wp:featuredmedia":[{"embeddable":true,"href":"https:\/\/tassilo-strasser.de\/index.php?rest_route=\/wp\/v2\/media\/346"}],"wp:attachment":[{"href":"https:\/\/tassilo-strasser.de\/index.php?rest_route=%2Fwp%2Fv2%2Fmedia&parent=8"}],"curies":[{"name":"wp","href":"https:\/\/api.w.org\/{rel}","templated":true}]}}